{"id":6697,"date":"2013-11-11T09:37:14","date_gmt":"2013-11-11T08:37:14","guid":{"rendered":"https:\/\/www.lesdamesdesaintflorent.fr\/notizie-turismo\/"},"modified":"2024-05-19T17:30:54","modified_gmt":"2024-05-19T15:30:54","slug":"notizie-turismo","status":"publish","type":"page","link":"https:\/\/www.lesdamesdesaintflorent.fr\/it\/notizie-turismo\/","title":{"rendered":"Notizie \/ Turismo"},"content":{"rendered":"[vc_row type=&#8221;full_width_content&#8221; full_screen_row_position=&#8221;middle&#8221; column_margin=&#8221;default&#8221; column_direction=&#8221;default&#8221; column_direction_tablet=&#8221;default&#8221; column_direction_phone=&#8221;default&#8221; scene_position=&#8221;center&#8221; bottom_padding=&#8221;0&#8243; text_color=&#8221;dark&#8221; text_align=&#8221;left&#8221; row_border_radius=&#8221;none&#8221; row_border_radius_applies=&#8221;bg&#8221; overflow=&#8221;visible&#8221; overlay_strength=&#8221;0.3&#8243; gradient_direction=&#8221;left_to_right&#8221; shape_divider_position=&#8221;bottom&#8221; bg_image_animation=&#8221;none&#8221; gradient_type=&#8221;default&#8221; shape_type=&#8221;&#8221;][vc_column column_padding=&#8221;no-extra-padding&#8221; column_padding_tablet=&#8221;inherit&#8221; column_padding_phone=&#8221;inherit&#8221; column_padding_position=&#8221;all&#8221; column_element_direction_desktop=&#8221;default&#8221; column_element_spacing=&#8221;default&#8221; desktop_text_alignment=&#8221;default&#8221; tablet_text_alignment=&#8221;default&#8221; phone_text_alignment=&#8221;default&#8221; background_color_opacity=&#8221;1&#8243; background_hover_color_opacity=&#8221;1&#8243; column_backdrop_filter=&#8221;none&#8221; column_shadow=&#8221;none&#8221; column_border_radius=&#8221;none&#8221; column_link_target=&#8221;_self&#8221; column_position=&#8221;default&#8221; gradient_direction=&#8221;left_to_right&#8221; overlay_strength=&#8221;0.3&#8243; width=&#8221;1\/1&#8243; tablet_width_inherit=&#8221;default&#8221; animation_type=&#8221;default&#8221; bg_image_animation=&#8221;none&#8221; border_type=&#8221;simple&#8221; column_border_width=&#8221;none&#8221; column_border_style=&#8221;solid&#8221;][recent_posts style=&#8221;classic_enhanced&#8221; color_scheme=&#8221;light&#8221; columns=&#8221;4&#8243; category=&#8221;all&#8221; order=&#8221;DESC&#8221; orderby=&#8221;date&#8221; blog_remove_post_author=&#8221;true&#8221; blog_remove_post_comment_number=&#8221;true&#8221; blog_remove_post_nectar_love=&#8221;true&#8221; posts_per_page=&#8221;6&#8243;][\/vc_column][\/vc_row]\n","protected":false},"excerpt":{"rendered":"<p>[vc_row type=&#8221;full_width_content&#8221; full_screen_row_position=&#8221;middle&#8221; column_margin=&#8221;default&#8221; column_direction=&#8221;default&#8221; column_direction_tablet=&#8221;default&#8221; column_direction_phone=&#8221;default&#8221; scene_position=&#8221;center&#8221; bottom_padding=&#8221;0&#8243; text_color=&#8221;dark&#8221; text_align=&#8221;left&#8221; row_border_radius=&#8221;none&#8221; row_border_radius_applies=&#8221;bg&#8221; overflow=&#8221;visible&#8221; overlay_strength=&#8221;0.3&#8243; gradient_direction=&#8221;left_to_right&#8221; shape_divider_position=&#8221;bottom&#8221; bg_image_animation=&#8221;none&#8221; gradient_type=&#8221;default&#8221; shape_type=&#8221;&#8221;][vc_column column_padding=&#8221;no-extra-padding&#8221; column_padding_tablet=&#8221;inherit&#8221; column_padding_phone=&#8221;inherit&#8221; column_padding_position=&#8221;all&#8221; column_element_direction_desktop=&#8221;default&#8221; column_element_spacing=&#8221;default&#8221; desktop_text_alignment=&#8221;default&#8221; tablet_text_alignment=&#8221;default&#8221; phone_text_alignment=&#8221;default&#8221; background_color_opacity=&#8221;1&#8243;&#8230;<\/p>\n","protected":false},"author":1,"featured_media":0,"parent":0,"menu_order":0,"comment_status":"open","ping_status":"open","template":"","meta":{"footnotes":""},"class_list":["post-6697","page","type-page","status-publish"],"yoast_head":"<!-- This site is optimized with the Yoast SEO plugin v27.4 - https:\/\/yoast.com\/product\/yoast-seo-wordpress\/ -->\n<title>Notizie \/ Turismo - Les Dames de Saint-Florent<\/title>\n<meta name=\"robots\" content=\"index, follow, max-snippet:-1, max-image-preview:large, max-video-preview:-1\" \/>\n<link rel=\"canonical\" href=\"https:\/\/www.lesdamesdesaintflorent.fr\/it\/notizie-turismo\/\" \/>\n<meta property=\"og:locale\" content=\"it_IT\" \/>\n<meta property=\"og:type\" content=\"article\" \/>\n<meta property=\"og:title\" content=\"Notizie \/ Turismo - Les Dames de Saint-Florent\" \/>\n<meta property=\"og:description\" content=\"[vc_row type=&#8221;full_width_content&#8221; full_screen_row_position=&#8221;middle&#8221; column_margin=&#8221;default&#8221; column_direction=&#8221;default&#8221; column_direction_tablet=&#8221;default&#8221; column_direction_phone=&#8221;default&#8221; scene_position=&#8221;center&#8221; bottom_padding=&#8221;0&#8243; text_color=&#8221;dark&#8221; text_align=&#8221;left&#8221; row_border_radius=&#8221;none&#8221; row_border_radius_applies=&#8221;bg&#8221; overflow=&#8221;visible&#8221; overlay_strength=&#8221;0.3&#8243; gradient_direction=&#8221;left_to_right&#8221; shape_divider_position=&#8221;bottom&#8221; bg_image_animation=&#8221;none&#8221; gradient_type=&#8221;default&#8221; shape_type=&#8221;&#8221;][vc_column column_padding=&#8221;no-extra-padding&#8221; column_padding_tablet=&#8221;inherit&#8221; column_padding_phone=&#8221;inherit&#8221; column_padding_position=&#8221;all&#8221; column_element_direction_desktop=&#8221;default&#8221; column_element_spacing=&#8221;default&#8221; desktop_text_alignment=&#8221;default&#8221; tablet_text_alignment=&#8221;default&#8221; phone_text_alignment=&#8221;default&#8221; background_color_opacity=&#8221;1&#8243;...\" \/>\n<meta property=\"og:url\" content=\"https:\/\/www.lesdamesdesaintflorent.fr\/it\/notizie-turismo\/\" \/>\n<meta property=\"og:site_name\" content=\"Les Dames de Saint-Florent\" \/>\n<meta property=\"article:publisher\" content=\"https:\/\/www.facebook.com\/lesdamesdesaintflorent\" \/>\n<meta property=\"article:modified_time\" content=\"2024-05-19T15:30:54+00:00\" \/>\n<meta property=\"og:image\" content=\"https:\/\/www.lesdamesdesaintflorent.fr\/wp-content\/uploads\/2024\/11\/Les-Dames-de-Saint-Florent.jpg\" \/>\n\t<meta property=\"og:image:width\" content=\"2048\" \/>\n\t<meta property=\"og:image:height\" content=\"2048\" \/>\n\t<meta property=\"og:image:type\" content=\"image\/jpeg\" \/>\n<meta name=\"twitter:card\" content=\"summary_large_image\" \/>\n<meta name=\"twitter:label1\" content=\"Tempo di lettura stimato\" \/>\n\t<meta name=\"twitter:data1\" content=\"1 minuto\" \/>\n<script type=\"application\/ld+json\" class=\"yoast-schema-graph\">{\"@context\":\"https:\\\/\\\/schema.org\",\"@graph\":[{\"@type\":\"WebPage\",\"@id\":\"https:\\\/\\\/www.lesdamesdesaintflorent.fr\\\/it\\\/notizie-turismo\\\/\",\"url\":\"https:\\\/\\\/www.lesdamesdesaintflorent.fr\\\/it\\\/notizie-turismo\\\/\",\"name\":\"Notizie \\\/ Turismo - Les Dames de Saint-Florent\",\"isPartOf\":{\"@id\":\"https:\\\/\\\/www.lesdamesdesaintflorent.fr\\\/it\\\/#website\"},\"datePublished\":\"2013-11-11T08:37:14+00:00\",\"dateModified\":\"2024-05-19T15:30:54+00:00\",\"breadcrumb\":{\"@id\":\"https:\\\/\\\/www.lesdamesdesaintflorent.fr\\\/it\\\/notizie-turismo\\\/#breadcrumb\"},\"inLanguage\":\"it-IT\",\"potentialAction\":[{\"@type\":\"ReadAction\",\"target\":[\"https:\\\/\\\/www.lesdamesdesaintflorent.fr\\\/it\\\/notizie-turismo\\\/\"]}]},{\"@type\":\"BreadcrumbList\",\"@id\":\"https:\\\/\\\/www.lesdamesdesaintflorent.fr\\\/it\\\/notizie-turismo\\\/#breadcrumb\",\"itemListElement\":[{\"@type\":\"ListItem\",\"position\":1,\"name\":\"Accueil\",\"item\":\"https:\\\/\\\/www.lesdamesdesaintflorent.fr\\\/it\\\/casa\\\/\"},{\"@type\":\"ListItem\",\"position\":2,\"name\":\"Notizie \\\/ Turismo\"}]},{\"@type\":\"WebSite\",\"@id\":\"https:\\\/\\\/www.lesdamesdesaintflorent.fr\\\/it\\\/#website\",\"url\":\"https:\\\/\\\/www.lesdamesdesaintflorent.fr\\\/it\\\/\",\"name\":\"Les Dames de Saint-Florent\",\"description\":\"chambre d&#039;h\u00f4te et g\u00eete \u00e0 Saint-Florent-sur-Auzonnet\",\"publisher\":{\"@id\":\"https:\\\/\\\/www.lesdamesdesaintflorent.fr\\\/it\\\/#organization\"},\"potentialAction\":[{\"@type\":\"SearchAction\",\"target\":{\"@type\":\"EntryPoint\",\"urlTemplate\":\"https:\\\/\\\/www.lesdamesdesaintflorent.fr\\\/it\\\/?s={search_term_string}\"},\"query-input\":{\"@type\":\"PropertyValueSpecification\",\"valueRequired\":true,\"valueName\":\"search_term_string\"}}],\"inLanguage\":\"it-IT\"},{\"@type\":\"Organization\",\"@id\":\"https:\\\/\\\/www.lesdamesdesaintflorent.fr\\\/it\\\/#organization\",\"name\":\"Les Dames de Saint-Florent\",\"url\":\"https:\\\/\\\/www.lesdamesdesaintflorent.fr\\\/it\\\/\",\"logo\":{\"@type\":\"ImageObject\",\"inLanguage\":\"it-IT\",\"@id\":\"https:\\\/\\\/www.lesdamesdesaintflorent.fr\\\/it\\\/#\\\/schema\\\/logo\\\/image\\\/\",\"url\":\"https:\\\/\\\/www.lesdamesdesaintflorent.fr\\\/wp-content\\\/uploads\\\/2024\\\/11\\\/Les-Dames-de-Saint-Florent.jpg\",\"contentUrl\":\"https:\\\/\\\/www.lesdamesdesaintflorent.fr\\\/wp-content\\\/uploads\\\/2024\\\/11\\\/Les-Dames-de-Saint-Florent.jpg\",\"width\":2048,\"height\":2048,\"caption\":\"Les Dames de Saint-Florent\"},\"image\":{\"@id\":\"https:\\\/\\\/www.lesdamesdesaintflorent.fr\\\/it\\\/#\\\/schema\\\/logo\\\/image\\\/\"},\"sameAs\":[\"https:\\\/\\\/www.facebook.com\\\/lesdamesdesaintflorent\"]}]}<\/script>\n<!-- \/ Yoast SEO plugin. -->","yoast_head_json":{"title":"Notizie \/ Turismo - Les Dames de Saint-Florent","robots":{"index":"index","follow":"follow","max-snippet":"max-snippet:-1","max-image-preview":"max-image-preview:large","max-video-preview":"max-video-preview:-1"},"canonical":"https:\/\/www.lesdamesdesaintflorent.fr\/it\/notizie-turismo\/","og_locale":"it_IT","og_type":"article","og_title":"Notizie \/ Turismo - Les Dames de Saint-Florent","og_description":"[vc_row type=&#8221;full_width_content&#8221; full_screen_row_position=&#8221;middle&#8221; column_margin=&#8221;default&#8221; column_direction=&#8221;default&#8221; column_direction_tablet=&#8221;default&#8221; column_direction_phone=&#8221;default&#8221; scene_position=&#8221;center&#8221; bottom_padding=&#8221;0&#8243; text_color=&#8221;dark&#8221; text_align=&#8221;left&#8221; row_border_radius=&#8221;none&#8221; row_border_radius_applies=&#8221;bg&#8221; overflow=&#8221;visible&#8221; overlay_strength=&#8221;0.3&#8243; gradient_direction=&#8221;left_to_right&#8221; shape_divider_position=&#8221;bottom&#8221; bg_image_animation=&#8221;none&#8221; gradient_type=&#8221;default&#8221; shape_type=&#8221;&#8221;][vc_column column_padding=&#8221;no-extra-padding&#8221; column_padding_tablet=&#8221;inherit&#8221; column_padding_phone=&#8221;inherit&#8221; column_padding_position=&#8221;all&#8221; column_element_direction_desktop=&#8221;default&#8221; column_element_spacing=&#8221;default&#8221; desktop_text_alignment=&#8221;default&#8221; tablet_text_alignment=&#8221;default&#8221; phone_text_alignment=&#8221;default&#8221; background_color_opacity=&#8221;1&#8243;...","og_url":"https:\/\/www.lesdamesdesaintflorent.fr\/it\/notizie-turismo\/","og_site_name":"Les Dames de Saint-Florent","article_publisher":"https:\/\/www.facebook.com\/lesdamesdesaintflorent","article_modified_time":"2024-05-19T15:30:54+00:00","og_image":[{"width":2048,"height":2048,"url":"https:\/\/www.lesdamesdesaintflorent.fr\/wp-content\/uploads\/2024\/11\/Les-Dames-de-Saint-Florent.jpg","type":"image\/jpeg"}],"twitter_card":"summary_large_image","twitter_misc":{"Tempo di lettura stimato":"1 minuto"},"schema":{"@context":"https:\/\/schema.org","@graph":[{"@type":"WebPage","@id":"https:\/\/www.lesdamesdesaintflorent.fr\/it\/notizie-turismo\/","url":"https:\/\/www.lesdamesdesaintflorent.fr\/it\/notizie-turismo\/","name":"Notizie \/ Turismo - Les Dames de Saint-Florent","isPartOf":{"@id":"https:\/\/www.lesdamesdesaintflorent.fr\/it\/#website"},"datePublished":"2013-11-11T08:37:14+00:00","dateModified":"2024-05-19T15:30:54+00:00","breadcrumb":{"@id":"https:\/\/www.lesdamesdesaintflorent.fr\/it\/notizie-turismo\/#breadcrumb"},"inLanguage":"it-IT","potentialAction":[{"@type":"ReadAction","target":["https:\/\/www.lesdamesdesaintflorent.fr\/it\/notizie-turismo\/"]}]},{"@type":"BreadcrumbList","@id":"https:\/\/www.lesdamesdesaintflorent.fr\/it\/notizie-turismo\/#breadcrumb","itemListElement":[{"@type":"ListItem","position":1,"name":"Accueil","item":"https:\/\/www.lesdamesdesaintflorent.fr\/it\/casa\/"},{"@type":"ListItem","position":2,"name":"Notizie \/ Turismo"}]},{"@type":"WebSite","@id":"https:\/\/www.lesdamesdesaintflorent.fr\/it\/#website","url":"https:\/\/www.lesdamesdesaintflorent.fr\/it\/","name":"Les Dames de Saint-Florent","description":"chambre d&#039;h\u00f4te et g\u00eete \u00e0 Saint-Florent-sur-Auzonnet","publisher":{"@id":"https:\/\/www.lesdamesdesaintflorent.fr\/it\/#organization"},"potentialAction":[{"@type":"SearchAction","target":{"@type":"EntryPoint","urlTemplate":"https:\/\/www.lesdamesdesaintflorent.fr\/it\/?s={search_term_string}"},"query-input":{"@type":"PropertyValueSpecification","valueRequired":true,"valueName":"search_term_string"}}],"inLanguage":"it-IT"},{"@type":"Organization","@id":"https:\/\/www.lesdamesdesaintflorent.fr\/it\/#organization","name":"Les Dames de Saint-Florent","url":"https:\/\/www.lesdamesdesaintflorent.fr\/it\/","logo":{"@type":"ImageObject","inLanguage":"it-IT","@id":"https:\/\/www.lesdamesdesaintflorent.fr\/it\/#\/schema\/logo\/image\/","url":"https:\/\/www.lesdamesdesaintflorent.fr\/wp-content\/uploads\/2024\/11\/Les-Dames-de-Saint-Florent.jpg","contentUrl":"https:\/\/www.lesdamesdesaintflorent.fr\/wp-content\/uploads\/2024\/11\/Les-Dames-de-Saint-Florent.jpg","width":2048,"height":2048,"caption":"Les Dames de Saint-Florent"},"image":{"@id":"https:\/\/www.lesdamesdesaintflorent.fr\/it\/#\/schema\/logo\/image\/"},"sameAs":["https:\/\/www.facebook.com\/lesdamesdesaintflorent"]}]}},"_links":{"self":[{"href":"https:\/\/www.lesdamesdesaintflorent.fr\/it\/wp-json\/wp\/v2\/pages\/6697","targetHints":{"allow":["GET"]}}],"collection":[{"href":"https:\/\/www.lesdamesdesaintflorent.fr\/it\/wp-json\/wp\/v2\/pages"}],"about":[{"href":"https:\/\/www.lesdamesdesaintflorent.fr\/it\/wp-json\/wp\/v2\/types\/page"}],"author":[{"embeddable":true,"href":"https:\/\/www.lesdamesdesaintflorent.fr\/it\/wp-json\/wp\/v2\/users\/1"}],"replies":[{"embeddable":true,"href":"https:\/\/www.lesdamesdesaintflorent.fr\/it\/wp-json\/wp\/v2\/comments?post=6697"}],"version-history":[{"count":0,"href":"https:\/\/www.lesdamesdesaintflorent.fr\/it\/wp-json\/wp\/v2\/pages\/6697\/revisions"}],"wp:attachment":[{"href":"https:\/\/www.lesdamesdesaintflorent.fr\/it\/wp-json\/wp\/v2\/media?parent=6697"}],"curies":[{"name":"wp","href":"https:\/\/api.w.org\/{rel}","templated":true}]}}