{"id":3,"date":"2024-02-15T14:55:25","date_gmt":"2024-02-15T13:55:25","guid":{"rendered":"https:\/\/www.lesdamesdesaintflorent.fr\/?page_id=3"},"modified":"2024-06-03T13:45:48","modified_gmt":"2024-06-03T11:45:48","slug":"mentions-legales","status":"publish","type":"page","link":"https:\/\/www.lesdamesdesaintflorent.fr\/nl\/mentions-legales\/","title":{"rendered":"Mentions l\u00e9gales"},"content":{"rendered":"[vc_row type=&#8221;in_container&#8221; full_screen_row_position=&#8221;middle&#8221; column_margin=&#8221;default&#8221; column_direction=&#8221;default&#8221; column_direction_tablet=&#8221;default&#8221; column_direction_phone=&#8221;default&#8221; scene_position=&#8221;center&#8221; text_color=&#8221;dark&#8221; text_align=&#8221;left&#8221; row_border_radius=&#8221;none&#8221; row_border_radius_applies=&#8221;bg&#8221; overflow=&#8221;visible&#8221; overlay_strength=&#8221;0.3&#8243; gradient_direction=&#8221;left_to_right&#8221; shape_divider_position=&#8221;bottom&#8221; bg_image_animation=&#8221;none&#8221;][vc_column column_padding=&#8221;no-extra-padding&#8221; column_padding_tablet=&#8221;inherit&#8221; column_padding_phone=&#8221;inherit&#8221; column_padding_position=&#8221;all&#8221; column_element_direction_desktop=&#8221;default&#8221; column_element_spacing=&#8221;default&#8221; desktop_text_alignment=&#8221;default&#8221; tablet_text_alignment=&#8221;default&#8221; phone_text_alignment=&#8221;default&#8221; background_color_opacity=&#8221;1&#8243; background_hover_color_opacity=&#8221;1&#8243; column_backdrop_filter=&#8221;none&#8221; column_shadow=&#8221;none&#8221; column_border_radius=&#8221;none&#8221; column_link_target=&#8221;_self&#8221; column_position=&#8221;default&#8221; gradient_direction=&#8221;left_to_right&#8221; overlay_strength=&#8221;0.3&#8243; width=&#8221;1\/1&#8243; tablet_width_inherit=&#8221;default&#8221; animation_type=&#8221;default&#8221; bg_image_animation=&#8221;none&#8221; border_type=&#8221;simple&#8221; column_border_width=&#8221;none&#8221; column_border_style=&#8221;solid&#8221;][divider line_type=&#8221;No Line&#8221; custom_height=&#8221;80&#8243;][vc_column_text css=&#8221;&#8221; text_direction=&#8221;default&#8221;]\n<h1 style=\"text-align: center;\">MENTIONS L\u00c9GALES<\/h1>\n<p style=\"text-align: center;\"><strong>En vigueur au 01\/06\/2024<\/strong><\/p>\n<p>Conform\u00e9ment aux dispositions des Articles 6-III et 19 de la Loi n\u00b02004-575 du 21 juin 2004 pour la Confiance dans l\u2019\u00e9conomie num\u00e9rique, dite L.C.E.N., il est port\u00e9 \u00e0 la connaissance des utilisateurs et visiteurs, ci-apr\u00e8s &#8220;l&#8217;Utilisateur&#8221;, du site lesdamesdesaintflorent.fr , ci-apr\u00e8s le &#8220;Site&#8221;, les pr\u00e9sentes mentions l\u00e9gales.<\/p>\n<p>La connexion et la navigation sur le Site par l\u2019Utilisateur implique acceptation int\u00e9grale et sans r\u00e9serve des pr\u00e9sentes mentions l\u00e9gales.<\/p>\n<p>Ces derni\u00e8res sont accessibles sur le Site \u00e0 la rubrique \u00ab Mentions l\u00e9gales \u00bb.<\/p>\n<h2>ARTICLE 1 &#8211; L\u2019\u00c9DITEUR<\/h2>\n<p>L&#8217;\u00e9dition du Site est assur\u00e9e par Les Dames de Saint-Florent SARL au capital de 1000 euros, immatricul\u00e9e au Registre du Commerce et des Soci\u00e9t\u00e9s de N\u00eemes sous le num\u00e9ro 915247548 dont le si\u00e8ge social est situ\u00e9 au 322, rue du village 30960 Saint-Florent-sur-Auzonnet,<br \/>\nNum\u00e9ro de t\u00e9l\u00e9phone +33 (0)6 78 91 38 12,<br \/>\nAdresse e-mail : contact@lesdamesdesaintflorent.fr.<br \/>\nN\u00b0 de TVA intracommunautaire : FR31915247548<br \/>\nLe Directeur de la publication est Fabienne Bonnet<br \/>\nci-apr\u00e8s &#8220;l&#8217;\u00c9diteur&#8221;.<\/p>\n<h2>ARTICLE 2 &#8211; L\u2019H\u00c9BERGEUR<\/h2>\n<p>L&#8217;h\u00e9bergeur du Site est la soci\u00e9t\u00e9 OVH, dont le si\u00e8ge social est situ\u00e9 au 2 rue Kellermann, 59100 Roubaix , avec le num\u00e9ro de t\u00e9l\u00e9phone : 1007 + adresse mail de contact<\/p>\n<h2>ARTICLE 3 &#8211; ACC\u00c8S AU SITE<\/h2>\n<p>Le Site est accessible en tout endroit, 7j\/7, 24h\/24 sauf cas de force majeure, interruption programm\u00e9e ou non et pouvant d\u00e9coulant d\u2019une n\u00e9cessit\u00e9 de maintenance.<\/p>\n<p>En cas de modification, interruption ou suspension du Site, l\u2019\u00c9diteur ne saurait \u00eatre tenu responsable.<\/p>\n<h2>ARTICLE 4 &#8211; COLLECTE DES DONN\u00c9ES<\/h2>\n<p>Le Site assure \u00e0 l&#8217;Utilisateur une collecte et un traitement d&#8217;informations personnelles dans le respect de la vie priv\u00e9e conform\u00e9ment \u00e0 la loi n\u00b078-17 du 6 janvier 1978 relative \u00e0 l&#8217;informatique, aux fichiers et aux libert\u00e9s.<\/p>\n<p>En vertu de la loi Informatique et Libert\u00e9s, en date du 6 janvier 1978, l&#8217;Utilisateur dispose d&#8217;un droit d&#8217;acc\u00e8s, de rectification, de suppression et d&#8217;opposition de ses donn\u00e9es personnelles. L&#8217;Utilisateur exerce ce droit :<\/p>\n<ul>\n<li>par mail \u00e0 l&#8217;adresse mail administration@lesdamesdesaintflorent.fr<\/li>\n<li>par voie postale au 322 Rue du village, 30960 Saint-Florent-sur-Auzonnet ;<\/li>\n<\/ul>\n<p>Toute utilisation, reproduction, diffusion, commercialisation, modification de toute ou partie du Site, sans autorisation de l\u2019\u00c9diteur est prohib\u00e9e et pourra entra\u00eener des actions et poursuites judiciaires telles que notamment pr\u00e9vues par le Code de la propri\u00e9t\u00e9 intellectuelle et le Code civil.[\/vc_column_text][\/vc_column][\/vc_row]\n","protected":false},"excerpt":{"rendered":"<p>[vc_row type=&#8221;in_container&#8221; full_screen_row_position=&#8221;middle&#8221; column_margin=&#8221;default&#8221; column_direction=&#8221;default&#8221; column_direction_tablet=&#8221;default&#8221; column_direction_phone=&#8221;default&#8221; scene_position=&#8221;center&#8221; text_color=&#8221;dark&#8221; text_align=&#8221;left&#8221; row_border_radius=&#8221;none&#8221; row_border_radius_applies=&#8221;bg&#8221; overflow=&#8221;visible&#8221; overlay_strength=&#8221;0.3&#8243; gradient_direction=&#8221;left_to_right&#8221; shape_divider_position=&#8221;bottom&#8221; bg_image_animation=&#8221;none&#8221;][vc_column column_padding=&#8221;no-extra-padding&#8221; column_padding_tablet=&#8221;inherit&#8221; column_padding_phone=&#8221;inherit&#8221; column_padding_position=&#8221;all&#8221; column_element_direction_desktop=&#8221;default&#8221; column_element_spacing=&#8221;default&#8221; desktop_text_alignment=&#8221;default&#8221; tablet_text_alignment=&#8221;default&#8221; phone_text_alignment=&#8221;default&#8221; background_color_opacity=&#8221;1&#8243; background_hover_color_opacity=&#8221;1&#8243; column_backdrop_filter=&#8221;none&#8221; column_shadow=&#8221;none&#8221;&#8230;<\/p>\n","protected":false},"author":1,"featured_media":0,"parent":0,"menu_order":0,"comment_status":"closed","ping_status":"open","template":"","meta":{"footnotes":""},"class_list":["post-3","page","type-page","status-publish"],"yoast_head":"<!-- This site is optimized with the Yoast SEO plugin v27.5 - https:\/\/yoast.com\/product\/yoast-seo-wordpress\/ -->\n<title>Mentions l\u00e9gales - Les Dames de Saint-Florent<\/title>\n<meta name=\"robots\" content=\"index, follow, max-snippet:-1, max-image-preview:large, max-video-preview:-1\" \/>\n<link rel=\"canonical\" href=\"https:\/\/www.lesdamesdesaintflorent.fr\/nl\/mentions-legales\/\" \/>\n<meta property=\"og:locale\" content=\"nl_NL\" \/>\n<meta property=\"og:type\" content=\"article\" \/>\n<meta property=\"og:title\" content=\"Mentions l\u00e9gales - Les Dames de Saint-Florent\" \/>\n<meta property=\"og:description\" content=\"[vc_row type=&#8221;in_container&#8221; full_screen_row_position=&#8221;middle&#8221; column_margin=&#8221;default&#8221; column_direction=&#8221;default&#8221; column_direction_tablet=&#8221;default&#8221; column_direction_phone=&#8221;default&#8221; scene_position=&#8221;center&#8221; text_color=&#8221;dark&#8221; text_align=&#8221;left&#8221; row_border_radius=&#8221;none&#8221; row_border_radius_applies=&#8221;bg&#8221; overflow=&#8221;visible&#8221; overlay_strength=&#8221;0.3&#8243; gradient_direction=&#8221;left_to_right&#8221; shape_divider_position=&#8221;bottom&#8221; bg_image_animation=&#8221;none&#8221;][vc_column column_padding=&#8221;no-extra-padding&#8221; column_padding_tablet=&#8221;inherit&#8221; column_padding_phone=&#8221;inherit&#8221; column_padding_position=&#8221;all&#8221; column_element_direction_desktop=&#8221;default&#8221; column_element_spacing=&#8221;default&#8221; desktop_text_alignment=&#8221;default&#8221; tablet_text_alignment=&#8221;default&#8221; phone_text_alignment=&#8221;default&#8221; background_color_opacity=&#8221;1&#8243; background_hover_color_opacity=&#8221;1&#8243; column_backdrop_filter=&#8221;none&#8221; column_shadow=&#8221;none&#8221;...\" \/>\n<meta property=\"og:url\" content=\"https:\/\/www.lesdamesdesaintflorent.fr\/nl\/mentions-legales\/\" \/>\n<meta property=\"og:site_name\" content=\"Les Dames de Saint-Florent\" \/>\n<meta property=\"article:publisher\" content=\"https:\/\/www.facebook.com\/lesdamesdesaintflorent\" \/>\n<meta property=\"article:modified_time\" content=\"2024-06-03T11:45:48+00:00\" \/>\n<meta property=\"og:image\" content=\"https:\/\/www.lesdamesdesaintflorent.fr\/wp-content\/uploads\/2024\/11\/Les-Dames-de-Saint-Florent.jpg\" \/>\n\t<meta property=\"og:image:width\" content=\"2048\" \/>\n\t<meta property=\"og:image:height\" content=\"2048\" \/>\n\t<meta property=\"og:image:type\" content=\"image\/jpeg\" \/>\n<meta name=\"twitter:card\" content=\"summary_large_image\" \/>\n<meta name=\"twitter:label1\" content=\"Geschatte leestijd\" \/>\n\t<meta name=\"twitter:data1\" content=\"3 minuten\" \/>\n<script type=\"application\/ld+json\" class=\"yoast-schema-graph\">{\"@context\":\"https:\\\/\\\/schema.org\",\"@graph\":[{\"@type\":\"WebPage\",\"@id\":\"https:\\\/\\\/www.lesdamesdesaintflorent.fr\\\/nl\\\/mentions-legales\\\/\",\"url\":\"https:\\\/\\\/www.lesdamesdesaintflorent.fr\\\/nl\\\/mentions-legales\\\/\",\"name\":\"Mentions l\u00e9gales - Les Dames de Saint-Florent\",\"isPartOf\":{\"@id\":\"https:\\\/\\\/www.lesdamesdesaintflorent.fr\\\/nl\\\/#website\"},\"datePublished\":\"2024-02-15T13:55:25+00:00\",\"dateModified\":\"2024-06-03T11:45:48+00:00\",\"breadcrumb\":{\"@id\":\"https:\\\/\\\/www.lesdamesdesaintflorent.fr\\\/nl\\\/mentions-legales\\\/#breadcrumb\"},\"inLanguage\":\"nl-NL\",\"potentialAction\":[{\"@type\":\"ReadAction\",\"target\":[\"https:\\\/\\\/www.lesdamesdesaintflorent.fr\\\/nl\\\/mentions-legales\\\/\"]}]},{\"@type\":\"BreadcrumbList\",\"@id\":\"https:\\\/\\\/www.lesdamesdesaintflorent.fr\\\/nl\\\/mentions-legales\\\/#breadcrumb\",\"itemListElement\":[{\"@type\":\"ListItem\",\"position\":1,\"name\":\"Accueil\",\"item\":\"https:\\\/\\\/www.lesdamesdesaintflorent.fr\\\/nl\\\/home\\\/\"},{\"@type\":\"ListItem\",\"position\":2,\"name\":\"Mentions l\u00e9gales\"}]},{\"@type\":\"WebSite\",\"@id\":\"https:\\\/\\\/www.lesdamesdesaintflorent.fr\\\/nl\\\/#website\",\"url\":\"https:\\\/\\\/www.lesdamesdesaintflorent.fr\\\/nl\\\/\",\"name\":\"Les Dames de Saint-Florent\",\"description\":\"chambre d&#039;h\u00f4te et g\u00eete \u00e0 Saint-Florent-sur-Auzonnet\",\"publisher\":{\"@id\":\"https:\\\/\\\/www.lesdamesdesaintflorent.fr\\\/nl\\\/#organization\"},\"potentialAction\":[{\"@type\":\"SearchAction\",\"target\":{\"@type\":\"EntryPoint\",\"urlTemplate\":\"https:\\\/\\\/www.lesdamesdesaintflorent.fr\\\/nl\\\/?s={search_term_string}\"},\"query-input\":{\"@type\":\"PropertyValueSpecification\",\"valueRequired\":true,\"valueName\":\"search_term_string\"}}],\"inLanguage\":\"nl-NL\"},{\"@type\":\"Organization\",\"@id\":\"https:\\\/\\\/www.lesdamesdesaintflorent.fr\\\/nl\\\/#organization\",\"name\":\"Les Dames de Saint-Florent\",\"url\":\"https:\\\/\\\/www.lesdamesdesaintflorent.fr\\\/nl\\\/\",\"logo\":{\"@type\":\"ImageObject\",\"inLanguage\":\"nl-NL\",\"@id\":\"https:\\\/\\\/www.lesdamesdesaintflorent.fr\\\/nl\\\/#\\\/schema\\\/logo\\\/image\\\/\",\"url\":\"https:\\\/\\\/www.lesdamesdesaintflorent.fr\\\/wp-content\\\/uploads\\\/2024\\\/11\\\/Les-Dames-de-Saint-Florent.jpg\",\"contentUrl\":\"https:\\\/\\\/www.lesdamesdesaintflorent.fr\\\/wp-content\\\/uploads\\\/2024\\\/11\\\/Les-Dames-de-Saint-Florent.jpg\",\"width\":2048,\"height\":2048,\"caption\":\"Les Dames de Saint-Florent\"},\"image\":{\"@id\":\"https:\\\/\\\/www.lesdamesdesaintflorent.fr\\\/nl\\\/#\\\/schema\\\/logo\\\/image\\\/\"},\"sameAs\":[\"https:\\\/\\\/www.facebook.com\\\/lesdamesdesaintflorent\"]}]}<\/script>\n<!-- \/ Yoast SEO plugin. -->","yoast_head_json":{"title":"Mentions l\u00e9gales - Les Dames de Saint-Florent","robots":{"index":"index","follow":"follow","max-snippet":"max-snippet:-1","max-image-preview":"max-image-preview:large","max-video-preview":"max-video-preview:-1"},"canonical":"https:\/\/www.lesdamesdesaintflorent.fr\/nl\/mentions-legales\/","og_locale":"nl_NL","og_type":"article","og_title":"Mentions l\u00e9gales - Les Dames de Saint-Florent","og_description":"[vc_row type=&#8221;in_container&#8221; full_screen_row_position=&#8221;middle&#8221; column_margin=&#8221;default&#8221; column_direction=&#8221;default&#8221; column_direction_tablet=&#8221;default&#8221; column_direction_phone=&#8221;default&#8221; scene_position=&#8221;center&#8221; text_color=&#8221;dark&#8221; text_align=&#8221;left&#8221; row_border_radius=&#8221;none&#8221; row_border_radius_applies=&#8221;bg&#8221; overflow=&#8221;visible&#8221; overlay_strength=&#8221;0.3&#8243; gradient_direction=&#8221;left_to_right&#8221; shape_divider_position=&#8221;bottom&#8221; bg_image_animation=&#8221;none&#8221;][vc_column column_padding=&#8221;no-extra-padding&#8221; column_padding_tablet=&#8221;inherit&#8221; column_padding_phone=&#8221;inherit&#8221; column_padding_position=&#8221;all&#8221; column_element_direction_desktop=&#8221;default&#8221; column_element_spacing=&#8221;default&#8221; desktop_text_alignment=&#8221;default&#8221; tablet_text_alignment=&#8221;default&#8221; phone_text_alignment=&#8221;default&#8221; background_color_opacity=&#8221;1&#8243; background_hover_color_opacity=&#8221;1&#8243; column_backdrop_filter=&#8221;none&#8221; column_shadow=&#8221;none&#8221;...","og_url":"https:\/\/www.lesdamesdesaintflorent.fr\/nl\/mentions-legales\/","og_site_name":"Les Dames de Saint-Florent","article_publisher":"https:\/\/www.facebook.com\/lesdamesdesaintflorent","article_modified_time":"2024-06-03T11:45:48+00:00","og_image":[{"width":2048,"height":2048,"url":"https:\/\/www.lesdamesdesaintflorent.fr\/wp-content\/uploads\/2024\/11\/Les-Dames-de-Saint-Florent.jpg","type":"image\/jpeg"}],"twitter_card":"summary_large_image","twitter_misc":{"Geschatte leestijd":"3 minuten"},"schema":{"@context":"https:\/\/schema.org","@graph":[{"@type":"WebPage","@id":"https:\/\/www.lesdamesdesaintflorent.fr\/nl\/mentions-legales\/","url":"https:\/\/www.lesdamesdesaintflorent.fr\/nl\/mentions-legales\/","name":"Mentions l\u00e9gales - Les Dames de Saint-Florent","isPartOf":{"@id":"https:\/\/www.lesdamesdesaintflorent.fr\/nl\/#website"},"datePublished":"2024-02-15T13:55:25+00:00","dateModified":"2024-06-03T11:45:48+00:00","breadcrumb":{"@id":"https:\/\/www.lesdamesdesaintflorent.fr\/nl\/mentions-legales\/#breadcrumb"},"inLanguage":"nl-NL","potentialAction":[{"@type":"ReadAction","target":["https:\/\/www.lesdamesdesaintflorent.fr\/nl\/mentions-legales\/"]}]},{"@type":"BreadcrumbList","@id":"https:\/\/www.lesdamesdesaintflorent.fr\/nl\/mentions-legales\/#breadcrumb","itemListElement":[{"@type":"ListItem","position":1,"name":"Accueil","item":"https:\/\/www.lesdamesdesaintflorent.fr\/nl\/home\/"},{"@type":"ListItem","position":2,"name":"Mentions l\u00e9gales"}]},{"@type":"WebSite","@id":"https:\/\/www.lesdamesdesaintflorent.fr\/nl\/#website","url":"https:\/\/www.lesdamesdesaintflorent.fr\/nl\/","name":"Les Dames de Saint-Florent","description":"chambre d&#039;h\u00f4te et g\u00eete \u00e0 Saint-Florent-sur-Auzonnet","publisher":{"@id":"https:\/\/www.lesdamesdesaintflorent.fr\/nl\/#organization"},"potentialAction":[{"@type":"SearchAction","target":{"@type":"EntryPoint","urlTemplate":"https:\/\/www.lesdamesdesaintflorent.fr\/nl\/?s={search_term_string}"},"query-input":{"@type":"PropertyValueSpecification","valueRequired":true,"valueName":"search_term_string"}}],"inLanguage":"nl-NL"},{"@type":"Organization","@id":"https:\/\/www.lesdamesdesaintflorent.fr\/nl\/#organization","name":"Les Dames de Saint-Florent","url":"https:\/\/www.lesdamesdesaintflorent.fr\/nl\/","logo":{"@type":"ImageObject","inLanguage":"nl-NL","@id":"https:\/\/www.lesdamesdesaintflorent.fr\/nl\/#\/schema\/logo\/image\/","url":"https:\/\/www.lesdamesdesaintflorent.fr\/wp-content\/uploads\/2024\/11\/Les-Dames-de-Saint-Florent.jpg","contentUrl":"https:\/\/www.lesdamesdesaintflorent.fr\/wp-content\/uploads\/2024\/11\/Les-Dames-de-Saint-Florent.jpg","width":2048,"height":2048,"caption":"Les Dames de Saint-Florent"},"image":{"@id":"https:\/\/www.lesdamesdesaintflorent.fr\/nl\/#\/schema\/logo\/image\/"},"sameAs":["https:\/\/www.facebook.com\/lesdamesdesaintflorent"]}]}},"_links":{"self":[{"href":"https:\/\/www.lesdamesdesaintflorent.fr\/nl\/wp-json\/wp\/v2\/pages\/3","targetHints":{"allow":["GET"]}}],"collection":[{"href":"https:\/\/www.lesdamesdesaintflorent.fr\/nl\/wp-json\/wp\/v2\/pages"}],"about":[{"href":"https:\/\/www.lesdamesdesaintflorent.fr\/nl\/wp-json\/wp\/v2\/types\/page"}],"author":[{"embeddable":true,"href":"https:\/\/www.lesdamesdesaintflorent.fr\/nl\/wp-json\/wp\/v2\/users\/1"}],"replies":[{"embeddable":true,"href":"https:\/\/www.lesdamesdesaintflorent.fr\/nl\/wp-json\/wp\/v2\/comments?post=3"}],"version-history":[{"count":0,"href":"https:\/\/www.lesdamesdesaintflorent.fr\/nl\/wp-json\/wp\/v2\/pages\/3\/revisions"}],"wp:attachment":[{"href":"https:\/\/www.lesdamesdesaintflorent.fr\/nl\/wp-json\/wp\/v2\/media?parent=3"}],"curies":[{"name":"wp","href":"https:\/\/api.w.org\/{rel}","templated":true}]}}